{"id":553,"date":"2015-04-20T11:56:29","date_gmt":"2015-04-20T11:56:29","guid":{"rendered":"http:\/\/bestbuild.stylemixthemes.com\/demo\/?page_id=553"},"modified":"2022-07-14T13:31:45","modified_gmt":"2022-07-14T13:31:45","slug":"our-partners","status":"publish","type":"page","link":"https:\/\/www.dangeli.com.br\/?page_id=553","title":{"rendered":"Nosso Curr\u00edculo"},"content":{"rendered":"\t\t<div data-elementor-type=\"wp-page\" data-elementor-id=\"553\" class=\"elementor elementor-553\">\n\t\t\t\t\t\t\t\t\t<section class=\"elementor-section elementor-top-section elementor-element elementor-element-4576f6a9 elementor-section-boxed elementor-section-height-default elementor-section-height-default\" data-id=\"4576f6a9\" data-element_type=\"section\">\n\t\t\t\t\t\t<div class=\"elementor-container elementor-column-gap-default\">\n\t\t\t\t\t<div class=\"elementor-column elementor-col-100 elementor-top-column elementor-element elementor-element-551d27ad\" data-id=\"551d27ad\" data-element_type=\"column\">\n\t\t\t<div class=\"elementor-widget-wrap elementor-element-populated\">\n\t\t\t\t\t\t\t\t<div class=\"elementor-element elementor-element-22aec2ef elementor-widget elementor-widget-text-editor\" data-id=\"22aec2ef\" data-element_type=\"widget\" data-widget_type=\"text-editor.default\">\n\t\t\t\t<div class=\"elementor-widget-container\">\n\t\t\t<style>\/*! elementor - v3.6.7 - 03-07-2022 *\/\n.elementor-widget-text-editor.elementor-drop-cap-view-stacked .elementor-drop-cap{background-color:#818a91;color:#fff}.elementor-widget-text-editor.elementor-drop-cap-view-framed .elementor-drop-cap{color:#818a91;border:3px solid;background-color:transparent}.elementor-widget-text-editor:not(.elementor-drop-cap-view-default) .elementor-drop-cap{margin-top:8px}.elementor-widget-text-editor:not(.elementor-drop-cap-view-default) .elementor-drop-cap-letter{width:1em;height:1em}.elementor-widget-text-editor .elementor-drop-cap{float:left;text-align:center;line-height:1;font-size:50px}.elementor-widget-text-editor .elementor-drop-cap-letter{display:inline-block}<\/style>\t\t\t\t<\/p><div class=\"vce-row-container\" data-vce-boxed-width=\"true\"><div id=\"el-7e3a04b1\" class=\"vce-row vce-row--col-gap-30 vce-row-equal-height vce-row-content--top\" data-vce-do-apply=\"all el-7e3a04b1\"><div class=\"vce-row-content\" data-vce-element-content=\"true\"><p><\/p><div id=\"el-8d00e2e7\" class=\"vce-col vce-col--md-auto vce-col--xs-1 vce-col--xs-last vce-col--xs-first vce-col--sm-last vce-col--sm-first vce-col--md-last vce-col--lg-last vce-col--xl-last vce-col--md-first vce-col--lg-first vce-col--xl-first\"><div class=\"vce-col-inner\" data-vce-do-apply=\"border margin background el-8d00e2e7\"><div class=\"vce-col-content\" data-vce-element-content=\"true\" data-vce-do-apply=\"padding el-8d00e2e7\"><p><\/p><div class=\"vce-text-block\"><div id=\"el-1f7c9c17\" class=\"vce-text-block-wrapper vce\" data-vce-do-apply=\"all el-1f7c9c17\"><div><p><!-- This site uses the Google Analytics by MonsterInsights plugin v8.6.0 - Using Analytics tracking - https:\/\/www.monsterinsights.com\/ --> <!-- Note: MonsterInsights is not currently configured on this site. The site owner needs to authenticate with Google Analytics in the MonsterInsights settings panel. --> <!-- No UA code set --> <!-- \/ Google Analytics by MonsterInsights --><noscript><\/p>\n<style>.vce-row-container .vcv-lozad {display: none}<\/style>\n<p><\/noscript><noscript><\/p>\n<style>.woocommerce-product-gallery{ opacity: 1 !important; }<\/style>\n<p><\/noscript><\/p><\/div><p>\u00a0<\/p><div><h2>FAZENDO COM QUALIDADE, FAZENDO MELHOR<\/h2><p>\u00a0<\/p><h4 class=\"txt-16 line-h-20 padd-t-20 txt-white\"><strong>PRINCIPAIS CLIENTES<\/strong><\/h4><p>\u00a0<\/p><h4 class=\"txt-16 line-h-20 padd-t-20 txt-white\"><strong>Construtoras<\/strong><\/h4><\/div><p>Lafen Construtora<\/p><p>Efer Construtora<\/p><div><p>GAFISA<\/p><p>OAS<\/p><p>ANDRADE GUTIERREZ<\/p><p>NOBERTO ODEBRECHT<\/p><p>JO\u00c3O FORTES<\/p><p>FONSECA E MERCADANTES<\/p><p>HARMONIA<\/p><p>SANTA ISABEL<\/p><p>CYCHORP ENGENHARIA<\/p><p>SAGLE<\/p><p>SISAL<\/p><p>PLARCON<\/p><p>AC LOBATO<\/p><p>GNAC<\/p><p>COPLASE<\/p><p>PEREIRA DE ALMEIDA<\/p><p>SILVEIRA E ALMEIDA<\/p><p>ERCOM ENGENHARIA E ARQUITETURA<\/p><p>CONSTRUBAN ENGENHARIA<\/p><p>RJZ CYRELA ENGENHARIA<\/p><p>CONSTRUTORA ROSSI<\/p><p>CONSTRUTORA SANTA CECILIA<\/p><p>DOMINU\u2019S ENGENHARIA<\/p><p>CARIOCA CHRISTIANI-NIELSEN ENGENHARIA<\/p><p>SENPRO ENGENHARIA<\/p><p>TECNOSOLO<\/p><p>PDG-CHL<\/p><p>PR\u00caMIO CONSTRUTORA<\/p><p>FONSECA &amp; MERCADANTE<\/p><p>M\u00c9TODO ENGENHARIA<\/p><p>CALPER<\/p><p>CARMO E CAL\u00c7ADA S.A.<\/p><h2>\u00a0<\/h2><ul><li><strong>LOJAS<\/strong><\/li><\/ul><p>Ponto Frio<\/p><p>Casa &amp; Video<\/p><p>Toulon<\/p><p>Mc Donald\u2019s<\/p><p>Mr. Cat<\/p><p>Natan<\/p><p>Hugo Boss<\/p><p>Di Santinni<\/p><p>Insunuante<\/p><p>Ricardo Eletro<\/p><p>\u00a0<\/p><ul><li><strong>HOSPITAIS<\/strong><\/li><\/ul><p>Unimed Niter\u00f3i \/ Unimed Barra<\/p><p>Clinica S\u00e3o Vicente ( Rede DOR)<\/p><p>Americas Medical City<\/p><p>Hospital Geral de Jacarepagu\u00e1 \u2013 Cardoso Fontes<\/p><p>\u00a0<\/p><ul><li><strong>COMPANHIAS DE PETR\u00d3LEO\u00a0<\/strong><\/li><\/ul><p>BR<\/p><p>ESSO<\/p><p>IPIRANGA<\/p><p>SHELL<\/p><p>TEXACO<\/p><p>\u00a0<\/p><ul><li><strong>EMISSORAS DE TV<\/strong><\/li><\/ul><p>Rede Globo<\/p><p>Renato Arag\u00e3o Produ\u00e7\u00f5es<\/p><p>\u00a0<\/p><ul><li><strong>GRAVADORAS<\/strong><\/li><\/ul><p>\u00a0<\/p><p>Polygram<\/p><p>Universal Music<\/p><ul><li><strong>PRINCIPAIS OBRAS \u2013 ESTRUTURAS MET\u00c1LICAS<\/strong><\/li><\/ul><p><strong>SHOPPING CENTERS<\/strong><\/p><p>\u00a0<\/p><p>Via Parque<\/p><p>Open Mall<\/p><p>Millenium<\/p><p>Recreio<\/p><p>Barra Point<\/p><p>Grande Rio<\/p><p>Igua\u00e7u Top<\/p><p>Rio Sul (Fachada)<\/p><p>Fashion Mall (Casa das m\u00e1quinas \u2013 Ar Condicionado)<\/p><p>Norte Shopping \u00a0(Fachada e escadas)<\/p><p>Expans\u00e3o do Shopping Nova Am\u00e9rica<\/p><p>Shopping N\u00e1utico Marina Verolme<\/p><p>Shopping Tijuca<\/p><p>Shopping Rio das Ostras<\/p><p>Shopping Bangu<\/p><p>Shopping Grande Rio<\/p><p>Shopping Caxias<\/p><p>Shopping Caxias Expans\u00e3o 5.000 m\u00b2<\/p><p>Shopping Campos 15.000 m\u00b2<\/p><p>Expans\u00e3o Shopping Bangu 12.000 m\u00b2<\/p><p>Shopping Metropolitano 170.000 m\u00b2<\/p><p>\u00a0<\/p><ul><li><strong>POSTOS DE COMBUST\u00cdVEL<\/strong><\/li><\/ul><p>SHELL \u2013 Maria da Gra\u00e7a<\/p><p>SHELL \u2013 Av. Brasil<\/p><p>ESSO \u2013 Ilha do Governador<\/p><p>ESSO \u2013 Dutra<\/p><p>\u00a0<\/p><ul><li><strong>JIRAUS MET\u00c1LICOS<\/strong><\/li><\/ul><p>J\u00e1 executamos mais de 1.000 jiraus com pisos em Wall ou bandejas met\u00e1licas em todos os shoppings do Rio de Janeiro, para as mais diversas lojas.<\/p><p>\u00a0<\/p><ul><li><strong>CONCESSION\u00c1RIAS<\/strong><\/li><\/ul><p>\u00a0<\/p><p>TOYOTA \u2013 Barra Tijuca<\/p><p>POLUX VE\u00cdCULOS \u2013 Tijuca (Marins e Barros)<\/p><p>DISTAC \u2013 Laranjeiras, Caxias<\/p><p>CENTRAL SUL \u2013 G\u00e1vea<\/p><p>CITRO\u00cbN \u2013 Barra da Tijuca, Tijuca, Botafogo e Piratininga<\/p><p>CASAL \u2013 ARARUAMA<\/p><p>DISNAVE \u2013 NOVA AM\u00c9RICA<\/p><p>PEUGEOT BOTAFOGO<\/p><ul><li><strong>LOJAS DE DEPARTAMENTOS<\/strong><\/li><\/ul><p>\u00a0<\/p><p><strong>Casa &amp;\u00a0<\/strong><b>V\u00eddeo<\/b><\/p><ul style=\"list-style-type: circle;\"><li>Botafogo<\/li><li>Copacabana<\/li><li>Shopping Recreio<\/li><li>Belford Roxo<\/li><li>Friburgo<\/li><li>Shopping Grande Rio<\/li><li>Resende<\/li><li>CTIS Barra<\/li><\/ul><p>\u00a0<\/p><p><strong>\u00a0Insinuante\u00a0<\/strong><\/p><ul style=\"list-style-type: circle;\"><li>Shopping Grande Rio<\/li><li>Shopping Caxias<\/li><\/ul><p><strong>Ricardo Eletro<\/strong><\/p><ul style=\"list-style-type: circle;\"><li>Bonsucesso<\/li><li>Tijuca<\/li><li>Centro<\/li><\/ul><p><strong>Ponto Frio<\/strong><\/p><ul style=\"list-style-type: circle;\"><li>Madureira<\/li><li>Jacarepagu\u00e1<\/li><li>Campo Grande<\/li><li>Carioca<\/li><li>Shopping Iguatemi<\/li><li>Belford Roxo<\/li><\/ul><ul><li><strong>LOJAS DE CAL\u00c7ADOS<\/strong><\/li><\/ul><p><strong>Di Santinni<\/strong><\/p><ul style=\"list-style-type: circle;\"><li>Bonsucesso<\/li><li>Galp\u00e3o de Bonsucesso \u2013 3000m2<\/li><li>Barra Shopping &#8211; 1<\/li><li>Madureira Shopping<\/li><li>Nilopolis \u2013 1000 m2<\/li><li>Barra Mansa<\/li><li>Barra Shopping \u2013 2<\/li><li>Nova Igua\u00e7u \u2013 1000 m2<\/li><li>S\u00e3o Gon\u00e7alo<\/li><li>Shopping Caxias<\/li><li>Juiz de Fora<\/li><li>Queimados<\/li><li>Shopping Bangu<\/li><\/ul><p>\u00a0<\/p><ul><li><strong>ESCOLAS<\/strong><\/li><\/ul><p>\u00a0<\/p><ul style=\"list-style-type: circle;\"><li>Col\u00e9gio Cruzeiro Centro<\/li><li>Pr\u00e9dio 3 andares \u2013 \u00e1rea 300 m2<\/li><li>Col\u00e9gio Cruzeiro Jacarepagu\u00e1<\/li><li>Cobertura \u2013 \u00e1rea de 1000 m2.<\/li><li>Escola Brit\u00e2nica \u2013 Barra<\/li><li>Escola Brit\u00e2nica \u2013 Botafogo<\/li><li>Carolina Patr\u00edcio \u2013 Mandala &#8211; Barra<\/li><\/ul><p>\u00a0<\/p><ul><li><strong>SUPERMERCADOS<\/strong><\/li><\/ul><ul style=\"list-style-type: circle;\"><li>Sendas \u2013 S\u00e3o Gon\u00e7alo \u2013 Estrutura met\u00e1lica \u2013 100 t.<\/li><li>Sendas \u2013 Nil\u00f3polis \u2013 Estrutura met\u00e1lica \u2013 30 t.<\/li><li>Zona Sul \u2013 Barra da Tijuca, Botafogo, Flamengo, Recreio, Jardim Bot\u00e2nico, G\u00e1vea, dep\u00f3sito Olaria, Copacabana, Leme e Leblon.<\/li><li>Barra Square<\/li><li>Botafogo<\/li><li>Mega Box<\/li><li>Zona Sul \u2013 Loja 11 (Leblon)<\/li><li>Zona Sul \u2013 \u00c9rico Ver\u00edssimo<\/li><li>Zona Sul \u2013 Loja 25 (Jardim Bot\u00e2nico)<\/li><li>Zona Sul \u2013 Loja 29 (Flamengo)<\/li><li>Zona Sul \u2013 Loja 30 (Laranjeiras)<\/li><li>Zona Sul &#8211; Loja 32(Laranjeiras)<\/li><li>Zona Sul &#8211; Santa Monica Jardins<\/li><\/ul><p>\u00a0<\/p><ul><li><strong>OPERADORAS DE TELEFONIA<\/strong><\/li><\/ul><ul style=\"list-style-type: circle;\"><li>ATL \u2013 Av. Almirante Gon\u00e7alves e Ag. Tijuca<\/li><\/ul><p>\u00a0<\/p><ul><li><strong>RODOVIAS<\/strong><\/li><\/ul><ul style=\"list-style-type: circle;\"><li>Posto de Ped\u00e1gio \u2013 CONCER \u2013 Rio\/ Juiz de Fora.<\/li><\/ul><p>\u00a0<\/p><ul><li><strong>AEROPORTOS<\/strong><\/li><\/ul><ul style=\"list-style-type: circle;\"><li>Terminal de Cargas \u2013 Aeroporto Internacional do Rio de Janeiro para CNO.*<\/li><li>Cobertura \u2013 Aeroporto Jacarepagu\u00e1<\/li><li>Santos\u00a0 Dumont<\/li><\/ul><p>\u00a0<\/p><ul><li><strong>ACADEMIAS<\/strong><\/li><\/ul><ul style=\"list-style-type: circle;\"><li>Accioly Fitness \u2013 Barra da Tijuca e G\u00e1vea<\/li><li>Academia da Praia \u2013 Barra da Tijuca<\/li><li>A Body Tech &#8211; Botafogo<\/li><\/ul><ul><li><strong>F\u00c1BRICAS<\/strong><\/li><\/ul><p>\u00a0<\/p><ul style=\"list-style-type: circle;\"><li>Glaxo Welcome \u2013 Jacarepagu\u00e1<\/li><li>F\u00e1brica de Z\u00edpper \u2013 Jacarepagu\u00e1<\/li><\/ul><p>\u00a0<\/p><ul><li><strong>PR\u00c9DIOS<\/strong><\/li><\/ul><p>\u00a0<\/p><ul style=\"list-style-type: circle;\"><li>Casa\u00a0 &amp; Video \u2013 Sede Borghorf (Riachuelo)<\/li><li>Modamania \u2013 Sede Centro<\/li><li>SENAC \u2013 Av. 24 de maio<\/li><li>Resid\u00eancias \u2013 Jardim Oce\u00e2nico (07 projetos)<\/li><li>Recreio (04 projetos)<\/li><li>Barra da Tijuca \u2013 Condom\u00ednio Park Palace, 220.<\/li><li>Eike Batista<\/li><li>Elon Fortunato<\/li><li>Globosat Comunica\u00e7\u00f5es \u2013 Rio de Janeiro<\/li><li>Jornal O Globo \u2013 R. Irineu Marinho<\/li><li>Iposeiras 866 \u2013 Em andamento<\/li><li>Edif\u00edcio Garagem \u2013 Tijuca \u2013 Em andamento<\/li><li>Instituto Moreira Sales &#8211; G\u00e1vea<\/li><\/ul><p>\u00a0<\/p><ul><li><strong>BANCOS<\/strong><\/li><\/ul><ul style=\"list-style-type: circle;\"><li>Ita\u00fa \u2013 Ag. 28 de setembro<\/li><li>Ag.\u00a0 Av. Rio Branco<\/li><li>HSBC \u2013 Ag. Buenos Aires<\/li><\/ul><p>\u00a0<\/p><ul><li><strong>MARINAS<\/strong><\/li><\/ul><ul style=\"list-style-type: circle;\"><li>Marina Verolme \u2013 35.000 m2<\/li><li>Piratas\u2019s Mall &#8211;\u00a0 10.000 m2<\/li><li>Marina Meli\u00e1 \u2013 Jo\u00e3o Fortes<\/li><\/ul><p>\u00a0<\/p><ul><li><strong>STANDS DE VENDAS<\/strong><\/li><\/ul><ul style=\"list-style-type: circle;\"><li>Le Parc \u2013 Av. das Am\u00e9ricas 3500 (RJZ)<\/li><li>\u00c1rea: 3000 m2<\/li><li>Stand Dominu\u2019s \u2013 Av. Abelardo Bueno<\/li><li>\u00c1rea: 500 m2<\/li><li>Stand Catisa \u2013 Av. das Am\u00e9ricas 12500<\/li><li>\u00c1rea: 700 m2<\/li><\/ul><p>\u00a0<\/p><ul><li><strong>CONCESSION\u00c1RIAS<\/strong><\/li><\/ul><p>\u00a0<\/p><ul style=\"list-style-type: circle;\"><li>Jeep (Leblon) em Constru\u00e7\u00e3o<\/li><li>&#8211; Toyota \u2013 Barra da Tijuca \u2013 4.000 m\u00b2<\/li><li>&#8211; Polux Ve\u00edculos \u2013 Tijuca \u2013 2.000 m\u00b2<\/li><li>&#8211; Distac \u2013 Laranjeiras \u2013 5.000 m\u00b2<\/li><li>&#8211; Central Sul \u2013 G\u00e1vea \u2013 2.000 m\u00b2<\/li><li>&#8211; Fiat \u2013 Araruama \u2013 5.000 m\u00b2<\/li><li>&#8211; Distac \u2013 Caxias \u2013 2.000 m\u00b2<\/li><li>&#8211; Peugeot \u2013 Botafogo \u2013 4.000 m\u00b2<\/li><li>&#8211; Distac \u2013 Campo Grande \u2013 8.000 m\u00b2<\/li><li>&#8211; Disnave Nova Am\u00e9rica \u2013 1.000 m\u00b2<\/li><li>&#8211; Casal \u2013 Araruama \u2013 2.000 m\u00b2<\/li><\/ul><p>\u00a0<\/p><ul><li><strong>LOJAS DE DEPARTAMENTOS<\/strong><\/li><\/ul><p><strong>Casa &amp; V\u00eddeo<\/strong><\/p><ul style=\"list-style-type: circle;\"><li>Botafogo \u2013 1000 m\u00b2<\/li><li>Copacabana \u2013 1.000 m\u00b2<\/li><li>Shopping Recreio &#8211; 800 m\u00b2<\/li><li>Belford Roxo &#8211; 1.200 m\u00b2<\/li><li>Friburgo \u2013 800 m\u00b2<\/li><li>Shopping Grande Rio \u2013 800 m\u00b2<\/li><li>Resende \u2013 1.200 m\u00b2<\/li><li>Teres\u00f3polis \u2013 1.000 m\u00b2<\/li><\/ul><p><strong>Ponto Frio<\/strong><\/p><ul style=\"list-style-type: circle;\"><li>Madureira \u2013 1000 m\u00b2<\/li><li>Jacarepagu\u00e1 \u2013 1.200 m\u00b2<\/li><li>Campo Grande \u2013 1.000 m\u00b2<\/li><li>Carioca \u2013 1.200 m\u00b2<\/li><li>Shopping Iguatemi \u2013 800 m\u00b2<\/li><li>Belford Roxo \u2013 800 m\u00b2<\/li><\/ul><p><strong>Di Santinni<\/strong><\/p><ul style=\"list-style-type: circle;\"><li>Bonsucesso \u2013 1000 m\u00b2<\/li><li>Barra Shopping \u2013 500 m\u00b2<\/li><li>Madureira \u2013 500 m\u00b2<\/li><li>Salvador \u2013 500 m\u00b2<\/li><li>Dep\u00f3sito Bonsucesso \u2013 3.000 m\u00b2<\/li><li>Vit\u00f3ria \u2013 1.000 m\u00b2<\/li><li>Shopping Interlagos \u2013 S\u00e3o Paulo \u2013 800 m\u00b2<\/li><li>Novo Ambiente M\u00f3veis e Decora\u00e7\u00f5es.<\/li><\/ul><p>\u00a0<\/p><ul><li><strong>HOTEIS E APART-HOTEIS<\/strong><\/li><\/ul><ul style=\"list-style-type: circle;\"><li>Sofitel \u2013 S\u00e3o Conrado \u2013 com 20 pavimentos, \u00e1rea total 000 m\u00b2<\/li><li>Carioca Engenharia Ltda \u2013 Av. das Am\u00e9ricas \u2013 \u00e1rea total 000 m\u00b2<\/li><li>Pronil Engenharia Ltda \u2013 Av. das Am\u00e9ricas \u2013 \u00e1rea total 000 m\u00b2<\/li><li>Apart \u2013 Hotel Figueredo Magalh\u00e3es \u2013 Pronil \u2013 000 m\u00b2<\/li><li>Rosas &#8211; Construtora Presidente \u2013 Barra da Tijuca \u201350.000 m\u00b2<\/li><li>Hotel Regina \u2013 Flamengo \u2013 300m\u00b2<\/li><\/ul><p>\u00a0<\/p><ul><li><strong>PR\u00c9DIOS<\/strong><\/li><\/ul><p>\u00a0<\/p><ul style=\"list-style-type: circle;\"><li>Senac \u2013 Av. 24 de Maio (M\u00e9ier) \u2013 000 m\u00b2<\/li><li>Poligan \u2013 Barra da Tijuca \u2013 000 m\u00b2<\/li><li>Projac \u2013 Jacar\u00e9pagua \u2013 000 m\u00b2<\/li><li>Pr\u00e9dio da Bolsa de Valores \u2013 Centro RJ \u2013 000 m\u00b2<\/li><li>Mega Petr\u00f3leo \u2013 Barra da Tijuca \u2013 5000 m\u00b2<\/li><li>Casa &amp; V\u00eddeo \u2013 Sede Centro (Borgohf) \u2013 000 m\u00b2<\/li><li>Moda Mania \u2013 Sede Centro \u2013 000 m\u00b2<\/li><li>ETE \u2013 Sede Bras\u00edlia \u2013 000 m\u00b2<\/li><li>ETE \u2013 Sede RJ \u2013 000 m\u00b2<\/li><li>Senador Albano Franco \u2013 Teresina (PI) \u2013 30.000 m\u00b2<\/li><li>Comercial \u2013Av. Visconde de Piraj\u00e1 \u2013 Construtora W3 \u2013 Ipanema \u201315.000 m\u00b2<\/li><li>Sul Am\u00e9rica Seguros \u2013 S\u00e3o Paulo \u2013 conjunto de pr\u00e9dios comerciais \u2013 000 m\u00b2<\/li><li>Residencial \u00e0 Alameda Godinho \u2013 Lojas RJ \u2013 5.000 m\u00b2<\/li><li>Residencial \u00e0 Rua Humberto de Campos \u2013 GNAC \u2013 5.000 m\u00b2<\/li><li>Comercial Sede das Ind\u00fastrias \u2013 Teresina (PI) \u2013 40.000 m\u00b2<\/li><li>Residenciais \u2013 Manaus (Am) \u2013 20.000 m\u00b2<\/li><li>Residenciais Jardim O Ganico \u2013 10 pr\u00e9dios com 4.000 m\u00b2 cada<\/li><li>Residenciais \u2013 Recreio (RJ) \u2013 8 pr\u00e9dios com 3.000 m\u00b2 cada<\/li><\/ul><p>\u00a0<\/p><ul><li><strong>BANCOS<\/strong><\/li><\/ul><ul style=\"list-style-type: circle;\"><li>Ita\u00fa \u2013 28 de Setembro \u2013 000 m\u00b2<\/li><li>Ita\u00fa \u2013 Av. Rio Branco \u2013 000 m\u00b2<\/li><li>Unibanco \u2013 Ag. Jacarepagua \u2013 200 m\u00b2<\/li><li>Banc Boston \u2013 Ag. Barra da Tijuca \u2013 000 m\u00b2<\/li><li>HSBC \u2013 Ag. Buenos Aires \u2013 300 m\u00b2<\/li><li>CitBank \u2013 Salvador \u2013 800 m\u00b2<\/li><\/ul><p>\u00a0<\/p><ul><li><strong>FAST-FOODS<\/strong><\/li><\/ul><p><strong>Bob\u2019s<\/strong><\/p><ul style=\"list-style-type: circle;\"><li>Tijuca \u2013 1000 m\u00b2<\/li><li>Barra Shopping \u2013 200 m\u00b2<\/li><li>Copacabana \u2013 Pr\u00e9dio de 4 andares com 1.000 m\u00b2<\/li><\/ul><p><strong>Mc Donald\u2019s<\/strong><\/p><ul style=\"list-style-type: circle;\"><li>Barra Shopping<\/li><li>Resende<\/li><li>Salvador 1, 2 e 3<\/li><li>Bras\u00edlia<\/li><li>BH Shopping<\/li><\/ul><p>\u00a0<\/p><ul><li><strong>F\u00c1BRICAS<\/strong><\/li><\/ul><ul style=\"list-style-type: circle;\"><li>Glaxo Welcome \u2013 Jacarepagu\u00e1 \u2013 Jo\u00e3o Fortes \u201330.000 m\u00b2<\/li><li>F\u00e1brica de Zipper \u2013 Jacarepagu\u00e1 \u2013 20.000 m\u00b2.<\/li><\/ul><p>\u00a0<\/p><ul><li><strong>AEROPORTOS<\/strong><\/li><\/ul><ul style=\"list-style-type: circle;\"><li>Terminal de Cargas \u2013 Aeroporto Internacional do RJ \u2013 Construtora Norberto Odebrecht 20.000 m\u00b2.<\/li><li>Obras executadas em <em><u>estru<\/u><\/em><em><u>tura<\/u><\/em><em><u> met\u00e1lica <\/u><\/em>e <em><u>concreto armado.<\/u><\/em><\/li><\/ul><ul><li><strong><u>OB<\/u><u>RAS<\/u><em><u> ESPECIAIS:<\/u><\/em><\/strong><\/li><\/ul><ul style=\"list-style-type: circle;\"><li>Cidade da M\u00fasica \u2013 Cons\u00f3rcio Andrade Gutierrez e Carioca Engenharia.(- Escala Met\u00e1lica e Fachada \u2013 200t.)<\/li><li>\u00c1rvore de Natal \u2013 Belo Horizonte \u2013 Lagoa da Pampulha- 60m de altura e 200t.<\/li><li>Clube Prefeitura do Rio de Janeiro \u2013 Centro- Tecnosolo \u2013 50t<\/li><li>Est\u00e1dio de Maca\u00e9 \u2013 Prefeitura Municipal de Maca\u00e9 &#8211; Capacidade 15.000 pessoas- Cobertura peso 550t. &#8211; Construtora\u00a0Avenida<\/li><li>Escolas \u2013 Prefeitura Rio das Ostras &#8211; Construtora Tecnosolo &#8211; Duas Escolas \u2013 200t.<\/li><li>INTO \u2013 INSTITUTO NACIONAL TRAUMATOLOGIA\u2013 (Estruturas Met\u00e1licas 850t. \u2013 Construtora Delta)<\/li><\/ul><ul><li><strong>\u00a0PINCIPAIS PROJETOS DE ESTRUTURAS DE CONCRETO<\/strong><strong>\u00a0ARMADO E MET\u00c1LICA.<\/strong><\/li><\/ul><p><strong>SHOPPING CENTERS<\/strong><\/p><ul style=\"list-style-type: circle;\"><li>Barra Shopping (Fachada N\u00edvel Americas)<\/li><li>Grande Rio \u2013 30.000 m\u00b2<\/li><li>Barra Point \u2013 10.000 m\u00b2<\/li><li>Santa Cruz \u2013 40.000 m\u00b2<\/li><li>Tijuca \u2013 Expans\u00e3o \u2013 5.000m\u00b2<\/li><li>Shopping Rio das Ostras \u2013 12.000m\u00b2 M<\/li><li>Metropolitano &#8211; Barra da Tijuca \u2013 6.000m\u00b2<\/li><li>Pr\u00e9dio de resfriamento de concreto\u00a0\u2013 Usina Nuclear Angra 3 Construtora Andrade Gutierrez<\/li><\/ul><p>\u00a0<\/p><p><strong>RODOVIAS<\/strong><\/p><ul style=\"list-style-type: circle;\"><li>Posto de Ped\u00e1gio \u2013 Concer \u2013 Rio \/ Juiz de Fora \u2013 Construtora Norberto Odebrecht \u00a0000 m\u00b2.<\/li><\/ul><p>\u00a0<\/p><p><strong>MARINAS<\/strong><\/p><p>\u00a0<\/p><ul style=\"list-style-type: circle;\"><li>Pirata\u2019s Mall \u2013 10.000 m\u00b2<\/li><li>Verolme \u2013 25.000 m\u00b2<\/li><li>Melia &#8211; Jo\u00e3o Fortes \u2013 15.000m\u00b2<\/li><\/ul><p>\u00a0<\/p><p><strong>PONTES<\/strong><\/p><p>\u00a0<\/p><ul style=\"list-style-type: circle;\"><li>PONTES: PREFEITURA MACA\u00c9 \u2013 RJ<\/li><li>\u00a0PONTES EM ESTRUTURA MISTA \u2013 MET\u00c1LICA E CONCRETO<\/li><li>\u00a0Ponte Fazenda Bom Jardim<\/li><li>\u00a0Ponte c\u00f3rrego do Ouro \u2013 Ponte1<\/li><li>\u00a0Ponte C\u00f3rrego do Ouro<\/li><li>\u00a0Ponte C\u00f3rrego do Ouro \u2013 Escola<\/li><li>\u00a0Ponte C\u00f3rrego do Ouro \u2013 Principal<\/li><li>\u00a0Ponte da Igreja \u2013 Portal do Sana<\/li><li>\u00a0Ponte do Arueira<\/li><li>\u00a0Ponte Chico Coelho<\/li><li>\u00a0Ponte Ponto da Pedra<\/li><li>\u00a0Ponte Rio Cascata<\/li><li>\u00a0Ponte Trapiche \u2013 Km. 6<\/li><li>\u00a0Ponte Trapiche \u2013 Km. 8<\/li><li>\u00a0Ponte Dois Rios<\/li><li>\u00a0Ponte Hotel Trapiche<\/li><li>\u00a0Ponte Nova Holanda \u2013 Est\u00e1cio<\/li><li>\u00a0Ponte Nova Holanda \u2013 Principal<\/li><li>\u00a0Ponte Praia Campista<\/li><li>\u00a0Ponte Sindipic<\/li><li>\u00a0Ponte Vale do Frederico<\/li><li>\u00a0Ponte Volta Escura<\/li><li>\u00a0Ponte Fazenda D.Gleice \u2013 Glic\u00e9rio<\/li><\/ul><p>\u00a0<\/p><p>\u00a0<\/p><p><strong>\u00a0MANUTEN\u00c7\u00c3O PREDIAL<\/strong><\/p><p>\u00a0<\/p><p><strong><em>Fizemos durante 02 (dois) anos (Fev\/97 a Fev\/99), a manuten\u00e7\u00e3o do Hospital de Jacarepagu\u00e1 \u2013 Cardoso Fontes \u2013 com uma equipe de 30 (trinta) homens executando os servi\u00e7os abaixo discriminados:<\/em><\/strong><\/p><ul style=\"list-style-type: circle;\"><li>Instala\u00e7\u00f5es Hidr\u00e1ulicas<\/li><li>Instala\u00e7\u00f5es El\u00e9tricas de Baixa e Alta tens\u00e3o.<\/li><li>Sistema de Esgoto Sanit\u00e1rio.<\/li><li>Alvenaria<\/li><li>Revestimentos<\/li><li>Pintura<\/li><li>Carpintaria<\/li><li>Serralheria<\/li><li>Estofamento<\/li><li>Grupo gerador \u00e0 Diesel<\/li><li>Caldeira geradora de vapor a g\u00e1s.<\/li><li>Quadro de comando e controle de distribui\u00e7\u00f5es<\/li><li>Motores el\u00e9tricos.<\/li><\/ul><p>\u00a0<\/p><\/div><div>\u00a0<\/div><p>\u00a0<\/p><p>\u00a0<\/p><\/div><\/div><p><\/p><\/div><\/div><\/div><p><\/p><\/div><\/div><\/div><p>\t\t\t\t\t\t<\/div>\n\t\t\t\t<\/div>\n\t\t\t\t\t<\/div>\n\t\t<\/div>\n\t\t\t\t\t\t\t<\/div>\n\t\t<\/section>\n\t\t\t\t\t\t\t<\/div>\n\t\t","protected":false},"excerpt":{"rendered":"<p>\u00a0FAZENDO COM QUALIDADE, FAZENDO MELHOR\u00a0PRINCIPAIS CLIENTES\u00a0ConstrutorasLafen ConstrutoraEfer ConstrutoraGAFISAOASANDRADE GUTIERREZNOBERTO ODEBRECHTJO\u00c3O FORTESFONSECA E MERCADANTESHARMONIASANTA ISABELCYCHORP ENGENHARIASAGLESISALPLARCONAC LOBATOGNACCOPLASEPEREIRA DE ALMEIDASILVEIRA E ALMEIDAERCOM ENGENHARIA E ARQUITETURACONSTRUBAN ENGENHARIARJZ CYRELA ENGENHARIACONSTRUTORA ROSSICONSTRUTORA SANTA CECILIADOMINU\u2019S ENGENHARIACARIOCA CHRISTIANI-NIELSEN ENGENHARIASENPRO ENGENHARIATECNOSOLOPDG-CHLPR\u00caMIO CONSTRUTORAFONSECA &amp; MERCADANTEM\u00c9TODO ENGENHARIACALPERCARMO E CAL\u00c7ADA S.A.\u00a0LOJASPonto FrioCasa &amp; VideoToulonMc Donald\u2019sMr. CatNatanHugo BossDi SantinniInsunuanteRicardo Eletro\u00a0HOSPITAISUnimed Niter\u00f3i \/ Unimed BarraClinica S\u00e3o Vicente ( [&hellip;]<\/p>\n","protected":false},"author":1,"featured_media":0,"parent":0,"menu_order":0,"comment_status":"closed","ping_status":"closed","template":"","meta":{"_monsterinsights_skip_tracking":false,"_monsterinsights_sitenote_active":false,"_monsterinsights_sitenote_note":"","_monsterinsights_sitenote_category":0},"acf":[],"_links":{"self":[{"href":"https:\/\/www.dangeli.com.br\/index.php?rest_route=\/wp\/v2\/pages\/553"}],"collection":[{"href":"https:\/\/www.dangeli.com.br\/index.php?rest_route=\/wp\/v2\/pages"}],"about":[{"href":"https:\/\/www.dangeli.com.br\/index.php?rest_route=\/wp\/v2\/types\/page"}],"author":[{"embeddable":true,"href":"https:\/\/www.dangeli.com.br\/index.php?rest_route=\/wp\/v2\/users\/1"}],"replies":[{"embeddable":true,"href":"https:\/\/www.dangeli.com.br\/index.php?rest_route=%2Fwp%2Fv2%2Fcomments&post=553"}],"version-history":[{"count":26,"href":"https:\/\/www.dangeli.com.br\/index.php?rest_route=\/wp\/v2\/pages\/553\/revisions"}],"predecessor-version":[{"id":2877,"href":"https:\/\/www.dangeli.com.br\/index.php?rest_route=\/wp\/v2\/pages\/553\/revisions\/2877"}],"wp:attachment":[{"href":"https:\/\/www.dangeli.com.br\/index.php?rest_route=%2Fwp%2Fv2%2Fmedia&parent=553"}],"curies":[{"name":"wp","href":"https:\/\/api.w.org\/{rel}","templated":true}]}}