{"id":49,"date":"2020-08-26T05:50:26","date_gmt":"2020-08-26T05:50:26","guid":{"rendered":"https:\/\/www.devsnews.com\/wp\/bildpress\/?page_id=49"},"modified":"2022-07-14T14:01:17","modified_gmt":"2022-07-14T14:01:17","slug":"about","status":"publish","type":"page","link":"https:\/\/www.dangeli.com.br\/?page_id=49","title":{"rendered":"A D&#8217;angeli"},"content":{"rendered":"\t\t<div data-elementor-type=\"wp-page\" data-elementor-id=\"49\" class=\"elementor elementor-49\">\n\t\t\t\t\t\t\t\t\t<section class=\"elementor-section elementor-top-section elementor-element elementor-element-9d69a42 elementor-section-full_width elementor-section-height-default elementor-section-height-default\" data-id=\"9d69a42\" data-element_type=\"section\" data-settings=\"{&quot;background_background&quot;:&quot;classic&quot;}\">\n\t\t\t\t\t\t<div class=\"elementor-container elementor-column-gap-no\">\n\t\t\t\t\t<div class=\"elementor-column elementor-col-100 elementor-top-column elementor-element elementor-element-2491e84\" data-id=\"2491e84\" data-element_type=\"column\">\n\t\t\t<div class=\"elementor-widget-wrap elementor-element-populated\">\n\t\t\t\t\t\t\t\t<div class=\"elementor-element elementor-element-38c1327 elementor-widget elementor-widget-about bdevs-el about\" data-id=\"38c1327\" data-element_type=\"widget\" data-settings=\"{&quot;design_style&quot;:&quot;style_2&quot;}\" data-widget_type=\"about.default\">\n\t\t\t\t<div class=\"elementor-widget-container\">\n\t\t\t\n        \n        <section class=\"about4\">\n            <div class=\"content_box_120\">\n                <div class=\"container\">\n                    <div class=\"row\">\n                        <div class=\"col-lg-6\">\n                            <div class=\"about4__thumb-area\">\n                                                                <div class=\"about4__thumb1\">\n                                    <img src=\"https:\/\/www.dangeli.com.br\/wp-content\/uploads\/2020\/10\/about-07.jpg\" alt=\"Image\">\n                                <\/div>\n                                                                                                <div class=\"about4__thumb2\">\n                                    <img src=\"https:\/\/www.dangeli.com.br\/wp-content\/uploads\/2020\/10\/about-08.jpg\" alt=\"Image\">\n                                <\/div>\n                                                            <\/div>\n                        <\/div>\n                        <div class=\"col-lg-6 d-flex align-items-center\">\n                            <div class=\"about4__content bdevs-el-content\">\n                                <div class=\"title_style1\">\n                                                                    <h5 class=\"sub-title bdevs-el-subtitle\">A D'ANGELI<\/h5>\n                                \n                                <h2 class=\"section-title bdevs-el-title\">Um pouco sobre nossa hist\u00f3ria<\/h2>                                <\/div>\n\n                                                                <p><br> Criada em 2001, a D\u2019ANGELI tem vasta experi\u00eancia em projetos de engenharia e gerenciamento de obras. Sua filosofia consiste em oferecer todos os servi\u00e7os necess\u00e1rios para a constru\u00e7\u00e3o de novos empreendimentos, garantindo solu\u00e7\u00f5es inovadoras com a qualidade que \u00e9 uma de suas marcas mais s\u00f3lidas. <br> \n<br>Com a conquista de novos campos de trabalho, a empresa tem um portf\u00f3lio que inclui projetos e gerenciamento nos setores de shopping centers, centros comerciais, ind\u00fastrias e outros que voc\u00ea pode conhecer nas p\u00e1ginas a seguir. S\u00e3o mais de 2500 obras e milhares de metros quadrados executados em todo pa\u00eds.\n\nA D\u2019ANGELI elabora e desenvolve projetos ambientalmente corretos, ajudando e incentivando a implementa\u00e7\u00e3o de medidas que minimizem impactos negativos sobre o meio ambiente.<\/p>\n                                \n                                    \n                                <div class=\"about4__experience mt-40\">\n                                    <div class=\"about4__experience--content\">\n                                        <h2>20<span>+<\/span><\/h2>\n                                        <i class=\"far fa-paper-plane\"><\/i>\n                                        <div class=\"about4_experience_text\">\n                                            <h4>Anos de<\/h4>\n<h3>Experi\u00eancia<\/h3>                                        <\/div>\n                                    <\/div>\n                                <\/div>\n                                   \n                            <\/div>\n                        <\/div>\n                    <\/div>\n                <\/div>\n            <\/div>\n        <\/section>\n\n        \n        \t\t<\/div>\n\t\t\t\t<\/div>\n\t\t\t\t\t<\/div>\n\t\t<\/div>\n\t\t\t\t\t\t\t<\/div>\n\t\t<\/section>\n\t\t\t\t<section class=\"elementor-section elementor-top-section elementor-element elementor-element-4e5902b elementor-section-full_width elementor-section-height-default elementor-section-height-default\" data-id=\"4e5902b\" data-element_type=\"section\">\n\t\t\t\t\t\t<div class=\"elementor-container elementor-column-gap-no\">\n\t\t\t\t\t<div class=\"elementor-column elementor-col-100 elementor-top-column elementor-element elementor-element-4791229\" data-id=\"4791229\" data-element_type=\"column\">\n\t\t\t<div class=\"elementor-widget-wrap elementor-element-populated\">\n\t\t\t\t\t\t\t\t<div class=\"elementor-element elementor-element-5b6b9d5 elementor-widget elementor-widget-heading bdevs-el heading\" data-id=\"5b6b9d5\" data-element_type=\"widget\" data-settings=\"{&quot;design_style&quot;:&quot;style_1&quot;}\" data-widget_type=\"heading.default\">\n\t\t\t\t<div class=\"elementor-widget-container\">\n\t\t\t<style>\/*! elementor - v3.6.7 - 03-07-2022 *\/\n.elementor-heading-title{padding:0;margin:0;line-height:1}.elementor-widget-heading .elementor-heading-title[class*=elementor-size-]>a{color:inherit;font-size:inherit;line-height:inherit}.elementor-widget-heading .elementor-heading-title.elementor-size-small{font-size:15px}.elementor-widget-heading .elementor-heading-title.elementor-size-medium{font-size:19px}.elementor-widget-heading .elementor-heading-title.elementor-size-large{font-size:29px}.elementor-widget-heading .elementor-heading-title.elementor-size-xl{font-size:39px}.elementor-widget-heading .elementor-heading-title.elementor-size-xxl{font-size:59px}<\/style>\n                <div class=\"container\">\n            <div class=\"row\">\n                <div class=\"col-12\">\n                    <div class=\"title_style1 position-relative bdevs-el-content\">\n                              \n                        <h2 class=\"section-title bdevs-el-title\">somos sua melhor op\u00e7\u00e3o<\/h2>                        \n                                            <\/div>\n                <\/div>\n            <\/div>\n        <\/div>\n\n\n        \n        \n        \t\t<\/div>\n\t\t\t\t<\/div>\n\t\t\t\t\t<\/div>\n\t\t<\/div>\n\t\t\t\t\t\t\t<\/div>\n\t\t<\/section>\n\t\t\t\t<section class=\"elementor-section elementor-top-section elementor-element elementor-element-4c813f1 elementor-section-full_width elementor-section-height-default elementor-section-height-default\" data-id=\"4c813f1\" data-element_type=\"section\">\n\t\t\t\t\t\t<div class=\"elementor-container elementor-column-gap-no\">\n\t\t\t\t\t<div class=\"elementor-column elementor-col-100 elementor-top-column elementor-element elementor-element-068a537\" data-id=\"068a537\" data-element_type=\"column\">\n\t\t\t<div class=\"elementor-widget-wrap elementor-element-populated\">\n\t\t\t\t\t\t\t\t<div class=\"elementor-element elementor-element-204b6d1 elementor-widget elementor-widget-services-tab bdevs-el services-tab\" data-id=\"204b6d1\" data-element_type=\"widget\" data-settings=\"{&quot;design_style&quot;:&quot;style_4&quot;}\" data-widget_type=\"services-tab.default\">\n\t\t\t\t<div class=\"elementor-widget-container\">\n\t\t\t\n\n        \n        <section class=\"service1 other_page1\">\n            <div class=\"projects1__wrapper position-relative\">\n                <div class=\"content_box_120_90 p-0\">\n                    <div class=\"container\">\n                        <div class=\"row\">\n                                                        <div class=\"col-lg-4 col-md-6\">\n                                <div class=\"process__item mb-30 bdevs-el-content\">\n                                    <div class=\"process__thumb\">\n                                                                               <figure>\n                                            <i aria-hidden=\"true\" class=\"far fa-check-circle\"><\/i>                                        <\/figure>\n                                                                            <\/div>\n                                    <div class=\"process__content\">\n                                                                                <h3 class=\"bdevs-el-title\"><a href=\"\">Nossa Miss\u00e3o:<\/a><\/h3>\n                                        \n                                                                                <p>Uma empresa que traz em sua ess\u00eancia fundamentos imprescind\u00edveis a todo bom neg\u00f3cio, como: Confiabilidade, compet\u00eancia, solidez, cumprimento rigoroso dos prazos, constante valoriza\u00e7\u00e3o da sua equipe, responsabilidade e um atendimento exclusivo e personalizado a cada cliente.<\/p>\n                                                                            <\/div>\n                                <\/div>\n                            <\/div>\n                                                        <div class=\"col-lg-4 col-md-6\">\n                                <div class=\"process__item mb-30 bdevs-el-content\">\n                                    <div class=\"process__thumb\">\n                                                                               <figure>\n                                            <i aria-hidden=\"true\" class=\"far fa-check-circle\"><\/i>                                        <\/figure>\n                                                                            <\/div>\n                                    <div class=\"process__content\">\n                                                                                <h3 class=\"bdevs-el-title\"><a href=\"\">PORQUE NOS ESCOLHER?<\/a><\/h3>\n                                        \n                                                                                <p>Porque para garantir os melhores resultados, a D\u2019ANGELI trabalha de forma integrada, utilizando as melhores tecnologias e adotando os mais eficientes m\u00e9todos de gest\u00e3o. Com inova\u00e7\u00e3o e responsabilidade, a empresa apresenta as melhores solu\u00e7\u00f5es para seus clientes.<\/p>\n                                                                            <\/div>\n                                <\/div>\n                            <\/div>\n                                                        <div class=\"col-lg-4 col-md-6\">\n                                <div class=\"process__item mb-30 bdevs-el-content\">\n                                    <div class=\"process__thumb\">\n                                                                               <figure>\n                                            <i aria-hidden=\"true\" class=\"far fa-check-circle\"><\/i>                                        <\/figure>\n                                                                            <\/div>\n                                    <div class=\"process__content\">\n                                                                                <h3 class=\"bdevs-el-title\"><a href=\"\/wp\/bildpress\/process\/\">Nossos Valores:<\/a><\/h3>\n                                        \n                                                                                <p>Com diferenciais pautados na excel\u00eancia custo x benef\u00edcio, de acordo com as necessidades de execu\u00e7\u00e3o de cada projeto dentro do prazo pr\u00e9-estabelecido, priorizando constante valoriza\u00e7\u00e3o da equipe, responsabilidade, atendimento exclusivo e personalizado para satisfa\u00e7\u00e3o de cada cliente.<\/p>\n                                                                            <\/div>\n                                <\/div>\n                            <\/div>\n                                                    <\/div>\n                    <\/div>\n                <\/div>\n            <\/div>\n        <\/section>        \n\n        \n        \t\t<\/div>\n\t\t\t\t<\/div>\n\t\t\t\t\t<\/div>\n\t\t<\/div>\n\t\t\t\t\t\t\t<\/div>\n\t\t<\/section>\n\t\t\t\t<section class=\"elementor-section elementor-top-section elementor-element elementor-element-be494d3 elementor-section-full_width elementor-section-height-default elementor-section-height-default\" data-id=\"be494d3\" data-element_type=\"section\">\n\t\t\t\t\t\t<div class=\"elementor-container elementor-column-gap-no\">\n\t\t\t\t\t<div class=\"elementor-column elementor-col-100 elementor-top-column elementor-element elementor-element-7719956\" data-id=\"7719956\" data-element_type=\"column\">\n\t\t\t<div class=\"elementor-widget-wrap elementor-element-populated\">\n\t\t\t\t\t\t\t\t<div class=\"elementor-element elementor-element-ca99260 elementor-widget elementor-widget-heading bdevs-el heading\" data-id=\"ca99260\" data-element_type=\"widget\" data-settings=\"{&quot;design_style&quot;:&quot;style_1&quot;}\" data-widget_type=\"heading.default\">\n\t\t\t\t<div class=\"elementor-widget-container\">\n\t\t\t\n                <div class=\"container\">\n            <div class=\"row\">\n                <div class=\"col-12\">\n                    <div class=\"title_style1 position-relative bdevs-el-content\">\n                                                          <h5 class=\"sub-title bdevs-el-subtitle\">+ resposabilidade + administra\u00e7\u00e3o + empenho <\/h5>\n                        \n                        <h2 class=\"section-title bdevs-el-title\">conquistamos excel\u00eancia na qualidade<\/h2>                        \n                                            <\/div>\n                <\/div>\n            <\/div>\n        <\/div>\n\n\n        \n        \n        \t\t<\/div>\n\t\t\t\t<\/div>\n\t\t\t\t<div class=\"elementor-element elementor-element-e9dcaaa elementor-widget elementor-widget-fact bdevs-el fact\" data-id=\"e9dcaaa\" data-element_type=\"widget\" data-settings=\"{&quot;design_style&quot;:&quot;style_1&quot;}\" data-widget_type=\"fact.default\">\n\t\t\t\t<div class=\"elementor-widget-container\">\n\t\t\t\n                <section class=\"counter1\" id=\"counter1\">\n            <div class=\"counter1__wrapper position-relative\">\n                                <h2 class=\"text-border-title1 features1-style d-none\">Counter<\/h2>\n                                <div class=\"content_box_120_70 p-0\">\n                    <div class=\"container\">\n                        <div class=\"row mb-55 d-none\">\n                            <div class=\"col-lg-8 offset-lg-2\">\n                                <div class=\"title_style1 text-center\">\n                                    \n                                    < class=\"title\"><\/>                                <\/div>\n                            <\/div>\n                        <\/div>  \n\n                        <div class=\"row\">\n                                                        <div class=\"col-xl-3 col-sm-6 text-center\">\n                                <div class=\"counter1__item mb-50 bdevs-el-content\">\n                                    <div class=\"progress-circular mb-30\">\n                                        <input type=\"text\" class=\"knob\" value=\"0\" data-rel=\"78\" data-linecap=\"round\"\n                                           data-width=\"200\" data-height=\"200\" data-bgcolor=\"#314D79\" data-fgcolor=\"#FF5E14\" data-thickness=\".10\" data-readonly=\"true\" disabled\/>\n                                    <\/div>\n                                    <div class=\"counter1__content\">\n                                                                                <h3 class=\"counter1__content--bg\">78%<\/h3>\n                                                                                                                        <h4>Antes do Prazo<\/h4>\n                                                                                                                        <p>Constru\u00e7\u00e3o  \/ Estruturas<\/p>\n                                                                            <\/div>\n                                <\/div>\n                            <\/div>\n                                                        <div class=\"col-xl-3 col-sm-6 text-center\">\n                                <div class=\"counter1__item mb-50 bdevs-el-content\">\n                                    <div class=\"progress-circular mb-30\">\n                                        <input type=\"text\" class=\"knob\" value=\"0\" data-rel=\"90\" data-linecap=\"round\"\n                                           data-width=\"200\" data-height=\"200\" data-bgcolor=\"#314D79\" data-fgcolor=\"#FF5E14\" data-thickness=\".10\" data-readonly=\"true\" disabled\/>\n                                    <\/div>\n                                    <div class=\"counter1__content\">\n                                                                                <h3 class=\"counter1__content--bg\">90%<\/h3>\n                                                                                                                        <h4>Clientes satisfeitos<\/h4>\n                                                                                                                        <p>Nosso Orgulho<\/p>\n                                                                            <\/div>\n                                <\/div>\n                            <\/div>\n                                                        <div class=\"col-xl-3 col-sm-6 text-center\">\n                                <div class=\"counter1__item mb-50 bdevs-el-content\">\n                                    <div class=\"progress-circular mb-30\">\n                                        <input type=\"text\" class=\"knob\" value=\"0\" data-rel=\"62\" data-linecap=\"round\"\n                                           data-width=\"200\" data-height=\"200\" data-bgcolor=\"#314D79\" data-fgcolor=\"#FF5E14\" data-thickness=\".10\" data-readonly=\"true\" disabled\/>\n                                    <\/div>\n                                    <div class=\"counter1__content\">\n                                                                                <h3 class=\"counter1__content--bg\">62%<\/h3>\n                                                                                                                        <h4>equipe pr\u00f3pria<\/h4>\n                                                                                                                        <p>Autoridade em Obras<\/p>\n                                                                            <\/div>\n                                <\/div>\n                            <\/div>\n                                                        <div class=\"col-xl-3 col-sm-6 text-center\">\n                                <div class=\"counter1__item mb-50 bdevs-el-content\">\n                                    <div class=\"progress-circular mb-30\">\n                                        <input type=\"text\" class=\"knob\" value=\"0\" data-rel=\"85\" data-linecap=\"round\"\n                                           data-width=\"200\" data-height=\"200\" data-bgcolor=\"#314D79\" data-fgcolor=\"#FF5E14\" data-thickness=\".10\" data-readonly=\"true\" disabled\/>\n                                    <\/div>\n                                    <div class=\"counter1__content\">\n                                                                                <h3 class=\"counter1__content--bg\">85<\/h3>\n                                                                                                                        <h4>Projetos finalizados este ano<\/h4>\n                                                                                                                        <p>Perspectiva de novos Neg\u00f3cios<\/p>\n                                                                            <\/div>\n                                <\/div>\n                            <\/div>\n                                                    <\/div>\n                    <\/div>\n                <\/div>\n            <\/div>\n        <\/section>\n\n           \n\n        \t\t<\/div>\n\t\t\t\t<\/div>\n\t\t\t\t\t<\/div>\n\t\t<\/div>\n\t\t\t\t\t\t\t<\/div>\n\t\t<\/section>\n\t\t\t\t\t\t\t<\/div>\n\t\t","protected":false},"excerpt":{"rendered":"<p>A D&#8217;ANGELI Um pouco sobre nossa hist\u00f3ria Criada em 2001, a D\u2019ANGELI tem vasta experi\u00eancia em projetos de engenharia e gerenciamento de obras. Sua filosofia consiste em oferecer todos os servi\u00e7os necess\u00e1rios para a constru\u00e7\u00e3o de novos empreendimentos, garantindo solu\u00e7\u00f5es inovadoras com a qualidade que \u00e9 uma de suas marcas mais s\u00f3lidas. Com a conquista [&hellip;]<\/p>\n","protected":false},"author":1,"featured_media":0,"parent":0,"menu_order":0,"comment_status":"closed","ping_status":"closed","template":"elementor_header_footer","meta":{"_monsterinsights_skip_tracking":false,"_monsterinsights_sitenote_active":false,"_monsterinsights_sitenote_note":"","_monsterinsights_sitenote_category":0},"acf":[],"_links":{"self":[{"href":"https:\/\/www.dangeli.com.br\/index.php?rest_route=\/wp\/v2\/pages\/49"}],"collection":[{"href":"https:\/\/www.dangeli.com.br\/index.php?rest_route=\/wp\/v2\/pages"}],"about":[{"href":"https:\/\/www.dangeli.com.br\/index.php?rest_route=\/wp\/v2\/types\/page"}],"author":[{"embeddable":true,"href":"https:\/\/www.dangeli.com.br\/index.php?rest_route=\/wp\/v2\/users\/1"}],"replies":[{"embeddable":true,"href":"https:\/\/www.dangeli.com.br\/index.php?rest_route=%2Fwp%2Fv2%2Fcomments&post=49"}],"version-history":[{"count":19,"href":"https:\/\/www.dangeli.com.br\/index.php?rest_route=\/wp\/v2\/pages\/49\/revisions"}],"predecessor-version":[{"id":2906,"href":"https:\/\/www.dangeli.com.br\/index.php?rest_route=\/wp\/v2\/pages\/49\/revisions\/2906"}],"wp:attachment":[{"href":"https:\/\/www.dangeli.com.br\/index.php?rest_route=%2Fwp%2Fv2%2Fmedia&parent=49"}],"curies":[{"name":"wp","href":"https:\/\/api.w.org\/{rel}","templated":true}]}}